{"id":25057,"date":"2025-07-01T16:43:41","date_gmt":"2025-07-01T14:43:41","guid":{"rendered":"https:\/\/cms.zdv.uni-mainz.de\/fb10\/?page_id=25057"},"modified":"2025-07-02T18:01:16","modified_gmt":"2025-07-02T16:01:16","slug":"day-of-the-faculty","status":"publish","type":"page","link":"https:\/\/www.bio.uni-mainz.de\/en\/events\/day-of-the-faculty\/","title":{"rendered":"Day of the faculty"},"content":{"rendered":"\n<div class=\"wp-block-columns is-layout-flex wp-container-core-columns-is-layout-9d6595d7 wp-block-columns-is-layout-flex\">\n<div class=\"wp-block-column is-content-justification-left is-layout-constrained wp-container-core-column-is-layout-eded1d97 wp-block-column-is-layout-constrained\" style=\"flex-basis:66.66%\"><jgu-base-heading react-props=\"{\n    &quot;index&quot;: &quot;Tag des Fachbereichs | Day of the Faculty&quot;,\n    &quot;tags&quot;: {\n        &quot;htmlTag&quot;: &quot;h2&quot;,\n        &quot;classTag&quot;: &quot;h1&quot;,\n        &quot;tag&quot;: &quot;h2.h1&quot;\n    },\n    &quot;heading&quot;: &quot;Der FB Bio und unsere Wissenschaftler*innen laden ein!&quot;,\n    &quot;textAlign&quot;: &quot;left&quot;,\n    &quot;anchor&quot;: &quot;&quot;,\n    &quot;color&quot;: &quot;red&quot;\n}\"><\/jgu-base-heading>\n\n\n<jgu-base-imagegallery react-props=\"{\n    &quot;perPage&quot;: 1,\n    &quot;images&quot;: [\n        {\n            &quot;url&quot;: &quot;https:\\\/\\\/cms.zdv.uni-mainz.de\\\/fb10\\\/wp-content\\\/uploads\\\/sites\\\/56\\\/2025\\\/06\\\/Tag-des-Fachbereichs-2025-FB10.jpg&quot;,\n            &quot;id&quot;: 24627,\n            &quot;width&quot;: 1754,\n            &quot;credit&quot;: &quot;Veranstalter: Fachbereich 10 Biologie der JGU, Bilder &amp; Grafiken: adobe.stock.com \\\/ div. K\\u00fcnstler,  Plan \\u00a9 Dipl.Des. Niels P. Bethe | www.sync.productions,  Gestaltung &amp; Zeichnungen: D. Franke&quot;,\n            &quot;title&quot;: &quot;Tag-des-Fachbereichs-2025-FB10&quot;,\n            &quot;height&quot;: 700,\n            &quot;srcset&quot;: &quot;https:\\\/\\\/cms.zdv.uni-mainz.de\\\/fb10\\\/wp-content\\\/uploads\\\/sites\\\/56\\\/2025\\\/06\\\/Tag-des-Fachbereichs-2025-FB10.jpg 1754w, https:\\\/\\\/cms.zdv.uni-mainz.de\\\/fb10\\\/wp-content\\\/uploads\\\/sites\\\/56\\\/2025\\\/06\\\/Tag-des-Fachbereichs-2025-FB10-300x120.jpg 300w, https:\\\/\\\/cms.zdv.uni-mainz.de\\\/fb10\\\/wp-content\\\/uploads\\\/sites\\\/56\\\/2025\\\/06\\\/Tag-des-Fachbereichs-2025-FB10-1024x409.jpg 1024w, https:\\\/\\\/cms.zdv.uni-mainz.de\\\/fb10\\\/wp-content\\\/uploads\\\/sites\\\/56\\\/2025\\\/06\\\/Tag-des-Fachbereichs-2025-FB10-768x306.jpg 768w, https:\\\/\\\/cms.zdv.uni-mainz.de\\\/fb10\\\/wp-content\\\/uploads\\\/sites\\\/56\\\/2025\\\/06\\\/Tag-des-Fachbereichs-2025-FB10-1536x613.jpg 1536w&quot;,\n            &quot;src&quot;: &quot;https:\\\/\\\/cms.zdv.uni-mainz.de\\\/fb10\\\/wp-content\\\/uploads\\\/sites\\\/56\\\/2025\\\/06\\\/Tag-des-Fachbereichs-2025-FB10.jpg&quot;\n        },\n        {\n            &quot;url&quot;: &quot;https:\\\/\\\/cms.zdv.uni-mainz.de\\\/fb10\\\/wp-content\\\/uploads\\\/sites\\\/56\\\/2025\\\/06\\\/Registration-Day-of-the-Faculty-2025-FBBio.jpg&quot;,\n            &quot;id&quot;: 24769,\n            &quot;width&quot;: 1754,\n            &quot;credit&quot;: &quot;Veranstalter: Fachbereich 10 Biologie der JGU, Bilder &amp; Grafiken: adobe.stock.com \\\/ div. K\\u00fcnstler,  Plan \\u00a9 Dipl.Des. Niels P. Bethe | www.sync.productions,  Gestaltung &amp; Zeichnungen: D. Franke&quot;,\n            &quot;title&quot;: &quot;Registration-Day-of-the-Faculty-2025-FBBio&quot;,\n            &quot;height&quot;: 700,\n            &quot;srcset&quot;: &quot;https:\\\/\\\/cms.zdv.uni-mainz.de\\\/fb10\\\/wp-content\\\/uploads\\\/sites\\\/56\\\/2025\\\/06\\\/Registration-Day-of-the-Faculty-2025-FBBio.jpg 1754w, https:\\\/\\\/cms.zdv.uni-mainz.de\\\/fb10\\\/wp-content\\\/uploads\\\/sites\\\/56\\\/2025\\\/06\\\/Registration-Day-of-the-Faculty-2025-FBBio-300x120.jpg 300w, https:\\\/\\\/cms.zdv.uni-mainz.de\\\/fb10\\\/wp-content\\\/uploads\\\/sites\\\/56\\\/2025\\\/06\\\/Registration-Day-of-the-Faculty-2025-FBBio-1024x409.jpg 1024w, https:\\\/\\\/cms.zdv.uni-mainz.de\\\/fb10\\\/wp-content\\\/uploads\\\/sites\\\/56\\\/2025\\\/06\\\/Registration-Day-of-the-Faculty-2025-FBBio-768x306.jpg 768w, https:\\\/\\\/cms.zdv.uni-mainz.de\\\/fb10\\\/wp-content\\\/uploads\\\/sites\\\/56\\\/2025\\\/06\\\/Registration-Day-of-the-Faculty-2025-FBBio-1536x613.jpg 1536w&quot;,\n            &quot;src&quot;: &quot;https:\\\/\\\/cms.zdv.uni-mainz.de\\\/fb10\\\/wp-content\\\/uploads\\\/sites\\\/56\\\/2025\\\/06\\\/Registration-Day-of-the-Faculty-2025-FBBio.jpg&quot;\n        }\n    ],\n    &quot;withThumbs&quot;: false,\n    &quot;aspectRatio&quot;: &quot;auto&quot;,\n    &quot;responsiveSettings&quot;: {\n        &quot;mobile&quot;: {\n            &quot;perPage&quot;: 1,\n            &quot;arrows&quot;: true,\n            &quot;pagination&quot;: false,\n            &quot;width&quot;: &quot;100%&quot;\n        },\n        &quot;tablet&quot;: {\n            &quot;perPage&quot;: 1,\n            &quot;arrows&quot;: true,\n            &quot;pagination&quot;: false,\n            &quot;width&quot;: &quot;100%&quot;\n        },\n        &quot;desktop&quot;: {\n            &quot;perPage&quot;: 1,\n            &quot;arrows&quot;: true,\n            &quot;pagination&quot;: false,\n            &quot;width&quot;: &quot;100%&quot;\n        },\n        &quot;desktop-xl&quot;: {\n            &quot;perPage&quot;: 1,\n            &quot;arrows&quot;: true,\n            &quot;pagination&quot;: false,\n            &quot;width&quot;: &quot;100%&quot;\n        }\n    },\n    &quot;align&quot;: &quot;wide&quot;,\n    &quot;thumbsPosition&quot;: &quot;right&quot;,\n    &quot;initSlide&quot;: 1,\n    &quot;screenwidth&quot;: false,\n    &quot;width&quot;: &quot;100cqw&quot;\n}\">\n\n<\/jgu-base-imagegallery>\n\n\n\n<div style=\"height:30px\" aria-hidden=\"true\" class=\"wp-block-spacer\"><\/div>\n\n\n\n<p> <\/p>\n\n\n<jgu-base-accordion react-props=\"{&quot;selected&quot;:1,&quot;align&quot;:&quot;wide&quot;,&quot;hasAllOpenButton&quot;:true,&quot;onlyOne&quot;:false,&quot;initAllClosed&quot;:true,&quot;enableSearch&quot;:false}\">\n    \n<jgu-base-accordionitem react-props=\"{&quot;title&quot;:&quot;&lt;strong&gt;Programm&lt;\\\/strong&gt; | Program &quot;,&quot;init&quot;:false,&quot;slug&quot;:&quot;strongprogramm-strong-program&quot;,&quot;align&quot;:&quot;wide&quot;,&quot;customSlug&quot;:false}\">\n    \n\n<p><strong>Programm | Tag des Fachbereichs am 14.07.2025 <\/strong><br><strong>Program | Day of the Faculty | July 14, 2025<\/strong><\/p>\n\n\n\n<hr class=\"wp-block-separator has-alpha-channel-opacity is-style-default\" \/>\n\n\n\n<div style=\"height:15px\" aria-hidden=\"true\" class=\"wp-block-spacer\"><\/div>\n\n\n\n<p>13:00 &#8211; 14:45 Uhr | VORTR\u00c4GE&nbsp; | &#8216;Alte Mensa&#8217;<br>from 1to 2:45 p.m. | LECTURES | &#8216;Alte Mensa&#8217;<\/p>\n\n\n\n<hr class=\"wp-block-separator has-alpha-channel-opacity is-style-default\" \/>\n\n\n\n<div style=\"height:15px\" aria-hidden=\"true\" class=\"wp-block-spacer\"><\/div>\n\n\n\n<p>14:45 &#8211; 16:15 Uhr&nbsp;| POSTERPR\u00c4SENTATION mit Kaffee und Kuchen organisiert von der Fachschaft | &#8216;Alte Mensa&#8217;<br>from 2:45 to 4:15 p.m. | POSTERSESSION with coffee and cake, organized by the Student Council<\/p>\n\n\n\n<hr class=\"wp-block-separator has-alpha-channel-opacity is-style-default\" \/>\n\n\n\n<div style=\"height:15px\" aria-hidden=\"true\" class=\"wp-block-spacer\"><\/div>\n\n\n\n<p>16:30 Uhr&nbsp;| SCIENCE SLAM | &#8216;Alte Mensa&#8217;<br>4:30 p.m. | SCIENCE SLAM | &#8216;Alte Mensa&#8217;<\/p>\n\n\n\n<hr class=\"wp-block-separator has-alpha-channel-opacity is-style-default\" \/>\n\n\n\n<div style=\"height:15px\" aria-hidden=\"true\" class=\"wp-block-spacer\"><\/div>\n\n\n\n<p>17:30 Uhr&nbsp;| RALLYE mit Stationen der Biologie | Start &#8216;Alte Mensa&#8217;<br>5:30 p.m. | The rally starts with stations at the Biology Faculty  | &#8216;Alte Mensa&#8217;<\/p>\n\n\n\n<hr class=\"wp-block-separator has-alpha-channel-opacity is-style-default\" \/>\n\n\n\n<div style=\"height:15px\" aria-hidden=\"true\" class=\"wp-block-spacer\"><\/div>\n\n\n\n<p>Ab 19:00 Uhr&nbsp;| GET-TOGETHER &#8216;Eat, Drink &amp; Chill&#8217;  | zwischen den Biozentren<br>from 7 pm | GET-TOGETHER &#8216;Eat, Drink &amp; Chill&#8217;  | between the Biocentres<\/p>\n\n\n\n<hr class=\"wp-block-separator has-alpha-channel-opacity is-style-default\" \/>\n\n\n\n<div style=\"height:15px\" aria-hidden=\"true\" class=\"wp-block-spacer\"><\/div>\n\n\n\n<p>Ab 21:00 Uhr | MUSIK und BANDS | Biozentren<br>from 9 pm | MUSIC and BANDS |&nbsp;Biocentres<\/p>\n\n\n\n<div style=\"height:30px\" aria-hidden=\"true\" class=\"wp-block-spacer\"><\/div>\n\n\n<\/jgu-base-accordionitem>\n\n<jgu-base-accordionitem react-props=\"{&quot;title&quot;:&quot;&lt;strong&gt;Anmeldung&lt;\\\/strong&gt; | Registration&quot;,&quot;init&quot;:false,&quot;slug&quot;:&quot;stronganmeldung-strong-registration&quot;,&quot;align&quot;:&quot;wide&quot;,&quot;customSlug&quot;:false}\">\n    \n\n<p>Die Anzahl der Teilnehmenden bei den Vortr\u00e4gen ist aus brandschutzrechtlichen Gr\u00fcnden auf 200 Personen beschr\u00e4nkt. Bei der Postersession und der Live Musik &amp; DJ Clubsounds k\u00f6nnen auch Personen ohne Registrierung vorbeischauen.<\/p>\n\n\n\n\n\n<p>For fire safety reasons, the number of participants in the presentations is limited to 200 people. The poster session, as well as the live music and DJ club sounds, are open to people without registration.<\/p>\n\n\n\n<div style=\"height:30px\" aria-hidden=\"true\" class=\"wp-block-spacer\"><\/div>\n\n\n<\/jgu-base-accordionitem>\n\n<\/jgu-base-accordion>\n\n\n\n<div style=\"height:30px\" aria-hidden=\"true\" class=\"wp-block-spacer\"><\/div>\n<\/div>\n\n\n\n<div class=\"wp-block-column is-vertically-aligned-top is-content-justification-right is-layout-constrained wp-container-core-column-is-layout-8a3084cf wp-block-column-is-layout-constrained\" style=\"flex-basis:33.33%\"><jgu-base-imagegallery react-props=\"{\n    &quot;perPage&quot;: 1,\n    &quot;images&quot;: [\n        {\n            &quot;url&quot;: &quot;https:\\\/\\\/cms.zdv.uni-mainz.de\\\/fb10\\\/wp-content\\\/uploads\\\/sites\\\/56\\\/2025\\\/07\\\/Poster_TdF-FBBio-14-07-2025.jpg&quot;,\n            &quot;id&quot;: 25156,\n            &quot;width&quot;: 1250,\n            &quot;credit&quot;: &quot;Veranstalter: Fachbereich 10 Biologie  der JGU,   Bilder &amp;amp; Grafiken (20): adobe.stock.com \\\/ div. K\\u00fcnstler,  Plan \\u00a9 Dipl.Des. Niels P. Bethe | www.sync.productions  Gestaltung &amp;amp; Zeichnungen (11): D. Franke&quot;,\n            &quot;description&quot;: &quot;Veranstalter: Fachbereich 10 Biologie  der JGU,  \\nBilder &amp;amp; Grafiken (20): adobe.stock.com \\\/ div. K\\u00fcnstler, \\nPlan \\u00a9 Dipl.Des. Niels P. Bethe | www.sync.productions \\nGestaltung &amp;amp; Zeichnungen (11): D. Franke&quot;,\n            &quot;title&quot;: &quot;Poster_TdF-FBBio-14-07-2025&quot;,\n            &quot;height&quot;: 1768,\n            &quot;srcset&quot;: &quot;https:\\\/\\\/cms.zdv.uni-mainz.de\\\/fb10\\\/wp-content\\\/uploads\\\/sites\\\/56\\\/2025\\\/07\\\/Poster_TdF-FBBio-14-07-2025.jpg 1250w, https:\\\/\\\/cms.zdv.uni-mainz.de\\\/fb10\\\/wp-content\\\/uploads\\\/sites\\\/56\\\/2025\\\/07\\\/Poster_TdF-FBBio-14-07-2025-212x300.jpg 212w, https:\\\/\\\/cms.zdv.uni-mainz.de\\\/fb10\\\/wp-content\\\/uploads\\\/sites\\\/56\\\/2025\\\/07\\\/Poster_TdF-FBBio-14-07-2025-724x1024.jpg 724w, https:\\\/\\\/cms.zdv.uni-mainz.de\\\/fb10\\\/wp-content\\\/uploads\\\/sites\\\/56\\\/2025\\\/07\\\/Poster_TdF-FBBio-14-07-2025-768x1086.jpg 768w, https:\\\/\\\/cms.zdv.uni-mainz.de\\\/fb10\\\/wp-content\\\/uploads\\\/sites\\\/56\\\/2025\\\/07\\\/Poster_TdF-FBBio-14-07-2025-1086x1536.jpg 1086w&quot;,\n            &quot;src&quot;: &quot;https:\\\/\\\/cms.zdv.uni-mainz.de\\\/fb10\\\/wp-content\\\/uploads\\\/sites\\\/56\\\/2025\\\/07\\\/Poster_TdF-FBBio-14-07-2025.jpg&quot;\n        },\n        {\n            &quot;url&quot;: &quot;https:\\\/\\\/cms.zdv.uni-mainz.de\\\/fb10\\\/wp-content\\\/uploads\\\/sites\\\/56\\\/2025\\\/07\\\/Poster_DoF-FBBio-14-07-2025.jpg&quot;,\n            &quot;id&quot;: 25150,\n            &quot;width&quot;: 1250,\n            &quot;credit&quot;: &quot;Veranstalter: Fachbereich 10 Biologie  der JGU,   Bilder &amp;amp; Grafiken (20): adobe.stock.com \\\/ div. K\\u00fcnstler,  Plan \\u00a9 Dipl.Des. Niels P. Bethe | www.sync.productions  Gestaltung &amp;amp; Zeichnungen (11): D. Franke&quot;,\n            &quot;description&quot;: &quot;Faculty of Biology | JGU,  \\nPhotos &amp;amp; grafics (20): adobe.stock.com \\\/ div. artists, \\nPlan \\u00a9 Dipl.Des. Niels P. Bethe | www.sync.productions \\nDesign &amp;amp; drawings (11): D. Franke&quot;,\n            &quot;title&quot;: &quot;Poster_DoF-FBBio-14-07-2025&quot;,\n            &quot;height&quot;: 1768,\n            &quot;srcset&quot;: &quot;https:\\\/\\\/cms.zdv.uni-mainz.de\\\/fb10\\\/wp-content\\\/uploads\\\/sites\\\/56\\\/2025\\\/07\\\/Poster_DoF-FBBio-14-07-2025.jpg 1250w, https:\\\/\\\/cms.zdv.uni-mainz.de\\\/fb10\\\/wp-content\\\/uploads\\\/sites\\\/56\\\/2025\\\/07\\\/Poster_DoF-FBBio-14-07-2025-212x300.jpg 212w, https:\\\/\\\/cms.zdv.uni-mainz.de\\\/fb10\\\/wp-content\\\/uploads\\\/sites\\\/56\\\/2025\\\/07\\\/Poster_DoF-FBBio-14-07-2025-724x1024.jpg 724w, https:\\\/\\\/cms.zdv.uni-mainz.de\\\/fb10\\\/wp-content\\\/uploads\\\/sites\\\/56\\\/2025\\\/07\\\/Poster_DoF-FBBio-14-07-2025-768x1086.jpg 768w, https:\\\/\\\/cms.zdv.uni-mainz.de\\\/fb10\\\/wp-content\\\/uploads\\\/sites\\\/56\\\/2025\\\/07\\\/Poster_DoF-FBBio-14-07-2025-1086x1536.jpg 1086w&quot;,\n            &quot;src&quot;: &quot;https:\\\/\\\/cms.zdv.uni-mainz.de\\\/fb10\\\/wp-content\\\/uploads\\\/sites\\\/56\\\/2025\\\/07\\\/Poster_DoF-FBBio-14-07-2025.jpg&quot;\n        }\n    ],\n    &quot;withThumbs&quot;: false,\n    &quot;aspectRatio&quot;: &quot;auto&quot;,\n    &quot;responsiveSettings&quot;: {\n        &quot;mobile&quot;: {\n            &quot;perPage&quot;: 1,\n            &quot;arrows&quot;: true,\n            &quot;pagination&quot;: false,\n            &quot;width&quot;: &quot;100%&quot;\n        },\n        &quot;tablet&quot;: {\n            &quot;perPage&quot;: 1,\n            &quot;arrows&quot;: true,\n            &quot;pagination&quot;: false,\n            &quot;width&quot;: &quot;100%&quot;\n        },\n        &quot;desktop&quot;: {\n            &quot;perPage&quot;: 1,\n            &quot;arrows&quot;: true,\n            &quot;pagination&quot;: false,\n            &quot;width&quot;: &quot;100%&quot;\n        },\n        &quot;desktop-xl&quot;: {\n            &quot;perPage&quot;: 1,\n            &quot;arrows&quot;: true,\n            &quot;pagination&quot;: false,\n            &quot;width&quot;: &quot;100%&quot;\n        }\n    },\n    &quot;align&quot;: &quot;wide&quot;,\n    &quot;thumbsPosition&quot;: &quot;right&quot;,\n    &quot;initSlide&quot;: 1,\n    &quot;screenwidth&quot;: false,\n    &quot;width&quot;: &quot;100cqw&quot;\n}\">\n\n<\/jgu-base-imagegallery>\n\n\n\n<div class=\"wp-block-columns is-layout-flex wp-container-core-columns-is-layout-9d6595d7 wp-block-columns-is-layout-flex\">\n<div class=\"wp-block-column is-vertically-aligned-bottom is-content-justification-left is-layout-constrained wp-container-core-column-is-layout-8c890d92 wp-block-column-is-layout-constrained\" style=\"flex-basis:80%\"><\/div>\n\n\n\n<div class=\"wp-block-column is-content-justification-left is-layout-constrained wp-container-core-column-is-layout-8c890d92 wp-block-column-is-layout-constrained\" style=\"flex-basis:20%\"><\/div>\n<\/div>\n<\/div>\n<\/div>\n    <div style=\"display: none\">\n        \n    <\/div>","protected":false},"excerpt":{"rendered":"","protected":false},"author":134,"featured_media":0,"parent":24966,"menu_order":0,"comment_status":"closed","ping_status":"closed","template":"","meta":{"footnotes":""},"categories":[],"tags":[],"class_list":["post-25057","page","type-page","status-publish","hentry"],"content_raw":"<!-- wp:block {\"ref\":24840} \/-->","_links":{"self":[{"href":"https:\/\/www.bio.uni-mainz.de\/en\/wp-json\/wp\/v2\/pages\/25057","targetHints":{"allow":["GET"]}}],"collection":[{"href":"https:\/\/www.bio.uni-mainz.de\/en\/wp-json\/wp\/v2\/pages"}],"about":[{"href":"https:\/\/www.bio.uni-mainz.de\/en\/wp-json\/wp\/v2\/types\/page"}],"author":[{"embeddable":true,"href":"https:\/\/www.bio.uni-mainz.de\/en\/wp-json\/wp\/v2\/users\/134"}],"replies":[{"embeddable":true,"href":"https:\/\/www.bio.uni-mainz.de\/en\/wp-json\/wp\/v2\/comments?post=25057"}],"version-history":[{"count":2,"href":"https:\/\/www.bio.uni-mainz.de\/en\/wp-json\/wp\/v2\/pages\/25057\/revisions"}],"predecessor-version":[{"id":25204,"href":"https:\/\/www.bio.uni-mainz.de\/en\/wp-json\/wp\/v2\/pages\/25057\/revisions\/25204"}],"up":[{"embeddable":true,"href":"https:\/\/www.bio.uni-mainz.de\/en\/wp-json\/wp\/v2\/pages\/24966"}],"wp:attachment":[{"href":"https:\/\/www.bio.uni-mainz.de\/en\/wp-json\/wp\/v2\/media?parent=25057"}],"wp:term":[{"taxonomy":"category","embeddable":true,"href":"https:\/\/www.bio.uni-mainz.de\/en\/wp-json\/wp\/v2\/categories?post=25057"},{"taxonomy":"post_tag","embeddable":true,"href":"https:\/\/www.bio.uni-mainz.de\/en\/wp-json\/wp\/v2\/tags?post=25057"}],"curies":[{"name":"wp","href":"https:\/\/api.w.org\/{rel}","templated":true}]}}